{"id":15666,"date":"2023-03-20T09:09:09","date_gmt":"2023-03-20T02:09:09","guid":{"rendered":"https:\/\/xaydungtravinhgc.com\/du-an\/"},"modified":"2025-09-15T15:02:52","modified_gmt":"2025-09-15T08:02:52","slug":"du-an","status":"publish","type":"page","link":"https:\/\/travinhgc.com\/en\/du-an\/","title":{"rendered":"D\u1ef1 \u00e1n"},"content":{"rendered":"\t\t<div data-elementor-type=\"wp-page\" data-elementor-id=\"15666\" class=\"elementor elementor-15666 elementor-2611\" data-elementor-post-type=\"page\">\n\t\t\t\t\t\t<section class=\"elementor-section elementor-top-section elementor-element elementor-element-643ada8 sec-p-duan elementor-section-stretched elementor-section-boxed elementor-section-height-default elementor-section-height-default\" data-id=\"643ada8\" data-element_type=\"section\" data-settings=\"{&quot;stretch_section&quot;:&quot;section-stretched&quot;}\">\n\t\t\t\t\t\t<div class=\"elementor-container elementor-column-gap-default\">\n\t\t\t\t\t<div class=\"elementor-column elementor-col-100 elementor-top-column elementor-element elementor-element-4fa029d\" data-id=\"4fa029d\" data-element_type=\"column\">\n\t\t\t<div class=\"elementor-widget-wrap elementor-element-populated\">\n\t\t\t\t\t\t<div class=\"elementor-element elementor-element-4a607bb elementor-widget elementor-widget-rt-portfolio-grid\" data-id=\"4a607bb\" data-element_type=\"widget\" data-widget_type=\"rt-portfolio-grid.default\">\n\t\t\t\t<div class=\"elementor-widget-container\">\n\t\t\t\t\n\t\t<div class=\"portfolio-filter\">\n\t\t\t<button class=\"active\" data-filter=\"*\">T\u1ea5t c\u1ea3<\/button>\n\t\t\t\t\t\t\t<button data-filter=\".filter_sua-chua-bao-tri-en\">Repair - Maintenance<\/button>\n\t\t\t\t\t\t\t<button data-filter=\".filter_thi-cong-bang-hieu-en\">Signboard construction<\/button>\n\t\t\t\t\t\t\t<button data-filter=\".filter_thi-cong-noi-that-en\">Interior construction<\/button>\n\t\t\t\t\t\t\t<button data-filter=\".filter_xay-dung-tron-goi-en\">Full package construction<\/button>\n\t\t\t\n\t\t<\/div>\n\t\n\t\n\n\t<div class=\"rt-portfolio-style8 grid-portfolio\">\n\n\t\t<div class=\"grid\">\n\t\t\t<div class=\"row\">\n\t\t\t\t\t\n\n\t<div class=\"col-lg-4 col-md-6 col-xs-1 grid-item filter_xay-dung-tron-goi-en \">\n\n\t\t<div class=\"rts-business-case-s-2 portfolio-item\">\t\t\n\t\t\t<a href=\"https:\/\/travinhgc.com\/en\/rt-portfolios\/thi-cong-bach-hoa-xanh-87-dong-den-tp-hcm\/\" class=\"thumbnail\">\n\t\t\t\t<img fetchpriority=\"high\" decoding=\"async\" width=\"600\" height=\"660\" src=\"https:\/\/travinhgc.com\/wp-content\/uploads\/2024\/06\/1-600x660.png\" class=\"attachment-elevate-portfolio-grid size-elevate-portfolio-grid wp-post-image\" alt=\"\" \/>\t\t\t<\/a>\n\t\t\n\t\t\t<div class=\"inner\">\n\t\t\t\t<a href=\"https:\/\/travinhgc.com\/en\/rt-portfolios\/thi-cong-bach-hoa-xanh-87-dong-den-tp-hcm\/\">\n\t\t\t\t\t<h5 class=\"title\">\n\t\t\t\t\t\tTHI C\u00d4NG B\u00c1CH HO\u00c1 XANH 87 \u0110\u1ed2NG \u0110EN, TP.HCM\t\t\t\t\t<\/h5>\n\t\t\t\t\t\n\t\t\t\t<\/a>\n\t\t\t\t<span class=\"p-category\"> <a href=\"https:\/\/travinhgc.com\/en\/rt-portfolio-category\/xay-dung-tron-goi-en\/\" rel=\"tag\">Full package construction<\/a><\/span>\t\t\t\t\n\t\t\t\t<div class=\"rts-icon-link\">\n\t\t\t\t\t<a href=\"https:\/\/travinhgc.com\/en\/rt-portfolios\/thi-cong-bach-hoa-xanh-87-dong-den-tp-hcm\/\" class=\"THI C\u00d4NG B\u00c1CH HO\u00c1 XANH 87 \u0110\u1ed2NG \u0110EN, TP.HCM\">\n\t\t\t\t\t\t<i class=\"rt-arrow-right-long\"><\/i>\n\t\t\t\t\t<\/a>\n\t\t\t\t<\/div> \n\t\t\t<\/div>\n\t\t\t\t<a href=\"https:\/\/travinhgc.com\/en\/rt-portfolios\/thi-cong-bach-hoa-xanh-87-dong-den-tp-hcm\/\" class=\"over_link\"><\/a>\t\t\t\n\t\t<\/div>  \t\n\t<\/div>\n\t\t\n\n\t<div class=\"col-lg-4 col-md-6 col-xs-1 grid-item filter_sua-chua-bao-tri-en \">\n\n\t\t<div class=\"rts-business-case-s-2 portfolio-item\">\t\t\n\t\t\t<a href=\"https:\/\/travinhgc.com\/en\/rt-portfolios\/chuoi-tra-sua-tocotoco\/\" class=\"thumbnail\">\n\t\t\t\t<img decoding=\"async\" width=\"600\" height=\"660\" src=\"https:\/\/travinhgc.com\/wp-content\/uploads\/2024\/06\/2-600x660.png\" class=\"attachment-elevate-portfolio-grid size-elevate-portfolio-grid wp-post-image\" alt=\"\" \/>\t\t\t<\/a>\n\t\t\n\t\t\t<div class=\"inner\">\n\t\t\t\t<a href=\"https:\/\/travinhgc.com\/en\/rt-portfolios\/chuoi-tra-sua-tocotoco\/\">\n\t\t\t\t\t<h5 class=\"title\">\n\t\t\t\t\t\tCHU\u1ed6I TR\u00c0 S\u1eeeA TOCOTOCO B\u1eeaNG S\u00c1NG DI\u1ec6N M\u1ea0O M\u1edaI 2024\t\t\t\t\t<\/h5>\n\t\t\t\t\t\n\t\t\t\t<\/a>\n\t\t\t\t<span class=\"p-category\"> <a href=\"https:\/\/travinhgc.com\/en\/rt-portfolio-category\/sua-chua-bao-tri-en\/\" rel=\"tag\">Repair - Maintenance<\/a><\/span>\t\t\t\t\n\t\t\t\t<div class=\"rts-icon-link\">\n\t\t\t\t\t<a href=\"https:\/\/travinhgc.com\/en\/rt-portfolios\/chuoi-tra-sua-tocotoco\/\" class=\"CHU\u1ed6I TR\u00c0 S\u1eeeA TOCOTOCO B\u1eeaNG S\u00c1NG DI\u1ec6N M\u1ea0O M\u1edaI 2024\">\n\t\t\t\t\t\t<i class=\"rt-arrow-right-long\"><\/i>\n\t\t\t\t\t<\/a>\n\t\t\t\t<\/div> \n\t\t\t<\/div>\n\t\t\t\t<a href=\"https:\/\/travinhgc.com\/en\/rt-portfolios\/chuoi-tra-sua-tocotoco\/\" class=\"over_link\"><\/a>\t\t\t\n\t\t<\/div>  \t\n\t<\/div>\n\t\t\n\n\t<div class=\"col-lg-4 col-md-6 col-xs-1 grid-item filter_xay-dung-tron-goi-en \">\n\n\t\t<div class=\"rts-business-case-s-2 portfolio-item\">\t\t\n\t\t\t<a href=\"https:\/\/travinhgc.com\/en\/rt-portfolios\/thi-cong-chuoi-sieu-thi-thuc-pham-kingfoodmart-safira-thu-duc\/\" class=\"thumbnail\">\n\t\t\t\t<img decoding=\"async\" width=\"600\" height=\"660\" src=\"https:\/\/travinhgc.com\/wp-content\/uploads\/2024\/06\/4-600x660.png\" class=\"attachment-elevate-portfolio-grid size-elevate-portfolio-grid wp-post-image\" alt=\"\" \/>\t\t\t<\/a>\n\t\t\n\t\t\t<div class=\"inner\">\n\t\t\t\t<a href=\"https:\/\/travinhgc.com\/en\/rt-portfolios\/thi-cong-chuoi-sieu-thi-thuc-pham-kingfoodmart-safira-thu-duc\/\">\n\t\t\t\t\t<h5 class=\"title\">\n\t\t\t\t\t\tTHI C\u00d4NG CHU\u1ed6I SI\u00caU TH\u1eca TH\u1ef0C PH\u1ea8M KINGFOODMART SAFIRA, TH\u1ee6 \u0110\u1ee8C\t\t\t\t\t<\/h5>\n\t\t\t\t\t\n\t\t\t\t<\/a>\n\t\t\t\t<span class=\"p-category\"> <a href=\"https:\/\/travinhgc.com\/en\/rt-portfolio-category\/xay-dung-tron-goi-en\/\" rel=\"tag\">Full package construction<\/a><\/span>\t\t\t\t\n\t\t\t\t<div class=\"rts-icon-link\">\n\t\t\t\t\t<a href=\"https:\/\/travinhgc.com\/en\/rt-portfolios\/thi-cong-chuoi-sieu-thi-thuc-pham-kingfoodmart-safira-thu-duc\/\" class=\"THI C\u00d4NG CHU\u1ed6I SI\u00caU TH\u1eca TH\u1ef0C PH\u1ea8M KINGFOODMART SAFIRA, TH\u1ee6 \u0110\u1ee8C\">\n\t\t\t\t\t\t<i class=\"rt-arrow-right-long\"><\/i>\n\t\t\t\t\t<\/a>\n\t\t\t\t<\/div> \n\t\t\t<\/div>\n\t\t\t\t<a href=\"https:\/\/travinhgc.com\/en\/rt-portfolios\/thi-cong-chuoi-sieu-thi-thuc-pham-kingfoodmart-safira-thu-duc\/\" class=\"over_link\"><\/a>\t\t\t\n\t\t<\/div>  \t\n\t<\/div>\n\t\t\n\n\t<div class=\"col-lg-4 col-md-6 col-xs-1 grid-item filter_xay-dung-tron-goi-en \">\n\n\t\t<div class=\"rts-business-case-s-2 portfolio-item\">\t\t\n\t\t\t<a href=\"https:\/\/travinhgc.com\/en\/rt-portfolios\/thi-cong-chuoi-sieu-thi-thuc-pham-kingfoodmart-gia-hoa-thu-duc\/\" class=\"thumbnail\">\n\t\t\t\t<img loading=\"lazy\" decoding=\"async\" width=\"600\" height=\"660\" src=\"https:\/\/travinhgc.com\/wp-content\/uploads\/2024\/06\/8-600x660.png\" class=\"attachment-elevate-portfolio-grid size-elevate-portfolio-grid wp-post-image\" alt=\"\" \/>\t\t\t<\/a>\n\t\t\n\t\t\t<div class=\"inner\">\n\t\t\t\t<a href=\"https:\/\/travinhgc.com\/en\/rt-portfolios\/thi-cong-chuoi-sieu-thi-thuc-pham-kingfoodmart-gia-hoa-thu-duc\/\">\n\t\t\t\t\t<h5 class=\"title\">\n\t\t\t\t\t\tTHI C\u00d4NG CHU\u1ed6I SI\u00caU TH\u1eca TH\u1ef0C PH\u1ea8M KINGFOODMART GIA HO\u00c0, TH\u1ee6 \u0110\u1ee8C\t\t\t\t\t<\/h5>\n\t\t\t\t\t\n\t\t\t\t<\/a>\n\t\t\t\t<span class=\"p-category\"> <a href=\"https:\/\/travinhgc.com\/en\/rt-portfolio-category\/xay-dung-tron-goi-en\/\" rel=\"tag\">Full package construction<\/a><\/span>\t\t\t\t\n\t\t\t\t<div class=\"rts-icon-link\">\n\t\t\t\t\t<a href=\"https:\/\/travinhgc.com\/en\/rt-portfolios\/thi-cong-chuoi-sieu-thi-thuc-pham-kingfoodmart-gia-hoa-thu-duc\/\" class=\"THI C\u00d4NG CHU\u1ed6I SI\u00caU TH\u1eca TH\u1ef0C PH\u1ea8M KINGFOODMART GIA HO\u00c0, TH\u1ee6 \u0110\u1ee8C\">\n\t\t\t\t\t\t<i class=\"rt-arrow-right-long\"><\/i>\n\t\t\t\t\t<\/a>\n\t\t\t\t<\/div> \n\t\t\t<\/div>\n\t\t\t\t<a href=\"https:\/\/travinhgc.com\/en\/rt-portfolios\/thi-cong-chuoi-sieu-thi-thuc-pham-kingfoodmart-gia-hoa-thu-duc\/\" class=\"over_link\"><\/a>\t\t\t\n\t\t<\/div>  \t\n\t<\/div>\n\t\t\n\n\t<div class=\"col-lg-4 col-md-6 col-xs-1 grid-item filter_thi-cong-bang-hieu-en \">\n\n\t\t<div class=\"rts-business-case-s-2 portfolio-item\">\t\t\n\t\t\t<a href=\"https:\/\/travinhgc.com\/en\/rt-portfolios\/thi-cong-bang-hieu-quang-cao-cua-hang-ung-y-nhat\/\" class=\"thumbnail\">\n\t\t\t\t<img loading=\"lazy\" decoding=\"async\" width=\"600\" height=\"660\" src=\"https:\/\/travinhgc.com\/wp-content\/uploads\/2024\/06\/5-600x660.png\" class=\"attachment-elevate-portfolio-grid size-elevate-portfolio-grid wp-post-image\" alt=\"\" \/>\t\t\t<\/a>\n\t\t\n\t\t\t<div class=\"inner\">\n\t\t\t\t<a href=\"https:\/\/travinhgc.com\/en\/rt-portfolios\/thi-cong-bang-hieu-quang-cao-cua-hang-ung-y-nhat\/\">\n\t\t\t\t\t<h5 class=\"title\">\n\t\t\t\t\t\tThi c\u00f4ng b\u1ea3ng hi\u1ec7u, qu\u1ea3ng c\u00e1o c\u1eeda h\u00e0ng \u01b0ng \u00fd nh\u1ea5t!\t\t\t\t\t<\/h5>\n\t\t\t\t\t\n\t\t\t\t<\/a>\n\t\t\t\t<span class=\"p-category\"> <a href=\"https:\/\/travinhgc.com\/en\/rt-portfolio-category\/thi-cong-bang-hieu-en\/\" rel=\"tag\">Signboard construction<\/a><\/span>\t\t\t\t\n\t\t\t\t<div class=\"rts-icon-link\">\n\t\t\t\t\t<a href=\"https:\/\/travinhgc.com\/en\/rt-portfolios\/thi-cong-bang-hieu-quang-cao-cua-hang-ung-y-nhat\/\" class=\"Thi c\u00f4ng b\u1ea3ng hi\u1ec7u, qu\u1ea3ng c\u00e1o c\u1eeda h\u00e0ng \u01b0ng \u00fd nh\u1ea5t!\">\n\t\t\t\t\t\t<i class=\"rt-arrow-right-long\"><\/i>\n\t\t\t\t\t<\/a>\n\t\t\t\t<\/div> \n\t\t\t<\/div>\n\t\t\t\t<a href=\"https:\/\/travinhgc.com\/en\/rt-portfolios\/thi-cong-bang-hieu-quang-cao-cua-hang-ung-y-nhat\/\" class=\"over_link\"><\/a>\t\t\t\n\t\t<\/div>  \t\n\t<\/div>\n\t\t\n\n\t<div class=\"col-lg-4 col-md-6 col-xs-1 grid-item filter_xay-dung-tron-goi-en \">\n\n\t\t<div class=\"rts-business-case-s-2 portfolio-item\">\t\t\n\t\t\t<a href=\"https:\/\/travinhgc.com\/en\/rt-portfolios\/thi-cong-nhanh-kingfoodmart-the-sun-avenue\/\" class=\"thumbnail\">\n\t\t\t\t<img loading=\"lazy\" decoding=\"async\" width=\"600\" height=\"660\" src=\"https:\/\/travinhgc.com\/wp-content\/uploads\/2024\/06\/KFM-SUN-ANVENUE-8-600x660.png\" class=\"attachment-elevate-portfolio-grid size-elevate-portfolio-grid wp-post-image\" alt=\"\" \/>\t\t\t<\/a>\n\t\t\n\t\t\t<div class=\"inner\">\n\t\t\t\t<a href=\"https:\/\/travinhgc.com\/en\/rt-portfolios\/thi-cong-nhanh-kingfoodmart-the-sun-avenue\/\">\n\t\t\t\t\t<h5 class=\"title\">\n\t\t\t\t\t\tTHI C\u00d4NG NHANH KINGFOODMART THE SUN AVENUE\t\t\t\t\t<\/h5>\n\t\t\t\t\t\n\t\t\t\t<\/a>\n\t\t\t\t<span class=\"p-category\"> <a href=\"https:\/\/travinhgc.com\/en\/rt-portfolio-category\/xay-dung-tron-goi-en\/\" rel=\"tag\">Full package construction<\/a><\/span>\t\t\t\t\n\t\t\t\t<div class=\"rts-icon-link\">\n\t\t\t\t\t<a href=\"https:\/\/travinhgc.com\/en\/rt-portfolios\/thi-cong-nhanh-kingfoodmart-the-sun-avenue\/\" class=\"THI C\u00d4NG NHANH KINGFOODMART THE SUN AVENUE\">\n\t\t\t\t\t\t<i class=\"rt-arrow-right-long\"><\/i>\n\t\t\t\t\t<\/a>\n\t\t\t\t<\/div> \n\t\t\t<\/div>\n\t\t\t\t<a href=\"https:\/\/travinhgc.com\/en\/rt-portfolios\/thi-cong-nhanh-kingfoodmart-the-sun-avenue\/\" class=\"over_link\"><\/a>\t\t\t\n\t\t<\/div>  \t\n\t<\/div>\n\t\t\n\n\t<div class=\"col-lg-4 col-md-6 col-xs-1 grid-item filter_thi-cong-noi-that-en \">\n\n\t\t<div class=\"rts-business-case-s-2 portfolio-item\">\t\t\n\t\t\t<a href=\"https:\/\/travinhgc.com\/en\/rt-portfolios\/thi-cong-kios-nafoods-sieu-thi-estella-place-thu-duc\/\" class=\"thumbnail\">\n\t\t\t\t<img loading=\"lazy\" decoding=\"async\" width=\"600\" height=\"660\" src=\"https:\/\/travinhgc.com\/wp-content\/uploads\/2024\/06\/7-600x660.png\" class=\"attachment-elevate-portfolio-grid size-elevate-portfolio-grid wp-post-image\" alt=\"\" \/>\t\t\t<\/a>\n\t\t\n\t\t\t<div class=\"inner\">\n\t\t\t\t<a href=\"https:\/\/travinhgc.com\/en\/rt-portfolios\/thi-cong-kios-nafoods-sieu-thi-estella-place-thu-duc\/\">\n\t\t\t\t\t<h5 class=\"title\">\n\t\t\t\t\t\tTHI C\u00d4NG KIOS NAFOODS SI\u00caU TH\u1eca ESTELLA PLACE, TH\u1ee6 \u0110\u1ee8C\t\t\t\t\t<\/h5>\n\t\t\t\t\t\n\t\t\t\t<\/a>\n\t\t\t\t<span class=\"p-category\"> <a href=\"https:\/\/travinhgc.com\/en\/rt-portfolio-category\/thi-cong-noi-that-en\/\" rel=\"tag\">Interior construction<\/a><\/span>\t\t\t\t\n\t\t\t\t<div class=\"rts-icon-link\">\n\t\t\t\t\t<a href=\"https:\/\/travinhgc.com\/en\/rt-portfolios\/thi-cong-kios-nafoods-sieu-thi-estella-place-thu-duc\/\" class=\"THI C\u00d4NG KIOS NAFOODS SI\u00caU TH\u1eca ESTELLA PLACE, TH\u1ee6 \u0110\u1ee8C\">\n\t\t\t\t\t\t<i class=\"rt-arrow-right-long\"><\/i>\n\t\t\t\t\t<\/a>\n\t\t\t\t<\/div> \n\t\t\t<\/div>\n\t\t\t\t<a href=\"https:\/\/travinhgc.com\/en\/rt-portfolios\/thi-cong-kios-nafoods-sieu-thi-estella-place-thu-duc\/\" class=\"over_link\"><\/a>\t\t\t\n\t\t<\/div>  \t\n\t<\/div>\n\t\t\n\n\t<div class=\"col-lg-4 col-md-6 col-xs-1 grid-item filter_xay-dung-tron-goi-en \">\n\n\t\t<div class=\"rts-business-case-s-2 portfolio-item\">\t\t\n\t\t\t<a href=\"https:\/\/travinhgc.com\/en\/rt-portfolios\/sieu-thi-thuc-pham-kingfoodmart-le-thi-cho-khai-truong\/\" class=\"thumbnail\">\n\t\t\t\t<img loading=\"lazy\" decoding=\"async\" width=\"600\" height=\"660\" src=\"https:\/\/travinhgc.com\/wp-content\/uploads\/2024\/06\/8-600x660.png\" class=\"attachment-elevate-portfolio-grid size-elevate-portfolio-grid wp-post-image\" alt=\"\" \/>\t\t\t<\/a>\n\t\t\n\t\t\t<div class=\"inner\">\n\t\t\t\t<a href=\"https:\/\/travinhgc.com\/en\/rt-portfolios\/sieu-thi-thuc-pham-kingfoodmart-le-thi-cho-khai-truong\/\">\n\t\t\t\t\t<h5 class=\"title\">\n\t\t\t\t\t\tSI\u00caU TH\u1eca TH\u1ef0C PH\u1ea8M KINGFOODMART L\u00ca TH\u1eca CH\u1ee2 KHAI TR\u01af\u01a0NG\t\t\t\t\t<\/h5>\n\t\t\t\t\t\n\t\t\t\t<\/a>\n\t\t\t\t<span class=\"p-category\"> <a href=\"https:\/\/travinhgc.com\/en\/rt-portfolio-category\/xay-dung-tron-goi-en\/\" rel=\"tag\">Full package construction<\/a><\/span>\t\t\t\t\n\t\t\t\t<div class=\"rts-icon-link\">\n\t\t\t\t\t<a href=\"https:\/\/travinhgc.com\/en\/rt-portfolios\/sieu-thi-thuc-pham-kingfoodmart-le-thi-cho-khai-truong\/\" class=\"SI\u00caU TH\u1eca TH\u1ef0C PH\u1ea8M KINGFOODMART L\u00ca TH\u1eca CH\u1ee2 KHAI TR\u01af\u01a0NG\">\n\t\t\t\t\t\t<i class=\"rt-arrow-right-long\"><\/i>\n\t\t\t\t\t<\/a>\n\t\t\t\t<\/div> \n\t\t\t<\/div>\n\t\t\t\t<a href=\"https:\/\/travinhgc.com\/en\/rt-portfolios\/sieu-thi-thuc-pham-kingfoodmart-le-thi-cho-khai-truong\/\" class=\"over_link\"><\/a>\t\t\t\n\t\t<\/div>  \t\n\t<\/div>\n\t\t\t\t<\/div>\n\t\t<\/div>\n\t<\/div>\n\n\t\t\t<\/div>\n\t\t\t\t<\/div>\n\t\t\t\t\t<\/div>\n\t\t<\/div>\n\t\t\t\t\t<\/div>\n\t\t<\/section>\n\t\t\t\t<\/div>\n\t\t","protected":false},"excerpt":{"rendered":"<p>T\u1ea5t c\u1ea3 S\u1eeda ch\u1eefa &#8211; B\u1ea3o tr\u00ec Thi c\u00f4ng b\u1ea3ng hi\u1ec7u Thi c\u00f4ng n\u1ed9i th\u1ea5t X\u00e2y d\u1ef1ng tr\u1ecdn g\u00f3i<\/p>\n","protected":false},"author":1,"featured_media":0,"parent":0,"menu_order":0,"comment_status":"closed","ping_status":"closed","template":"","meta":{"footnotes":""},"class_list":["post-15666","page","type-page","status-publish","hentry"],"yoast_head":"<!-- This site is optimized with the Yoast SEO plugin v22.7 - https:\/\/yoast.com\/wordpress\/plugins\/seo\/ -->\n<title>D\u1ef1 \u00e1n - Tr\u00e0 Vinh GC<\/title>\n<meta name=\"robots\" content=\"index, follow, max-snippet:-1, max-image-preview:large, max-video-preview:-1\" \/>\n<link rel=\"canonical\" href=\"https:\/\/travinhgc.com\/en\/du-an\/\" \/>\n<meta property=\"og:locale\" content=\"en_US\" \/>\n<meta property=\"og:type\" content=\"article\" \/>\n<meta property=\"og:title\" content=\"D\u1ef1 \u00e1n - Tr\u00e0 Vinh GC\" \/>\n<meta property=\"og:description\" content=\"T\u1ea5t c\u1ea3 S\u1eeda ch\u1eefa &#8211; B\u1ea3o tr\u00ec Thi c\u00f4ng b\u1ea3ng hi\u1ec7u Thi c\u00f4ng n\u1ed9i th\u1ea5t X\u00e2y d\u1ef1ng tr\u1ecdn g\u00f3i\" \/>\n<meta property=\"og:url\" content=\"https:\/\/travinhgc.com\/en\/du-an\/\" \/>\n<meta property=\"og:site_name\" content=\"Tr\u00e0 Vinh GC\" \/>\n<meta property=\"article:modified_time\" content=\"2025-09-15T08:02:52+00:00\" \/>\n<meta name=\"twitter:card\" content=\"summary_large_image\" \/>\n<meta name=\"twitter:label1\" content=\"Est. reading time\" \/>\n\t<meta name=\"twitter:data1\" content=\"2 minutes\" \/>\n<script type=\"application\/ld+json\" class=\"yoast-schema-graph\">{\"@context\":\"https:\/\/schema.org\",\"@graph\":[{\"@type\":\"WebPage\",\"@id\":\"https:\/\/travinhgc.com\/en\/du-an\/\",\"url\":\"https:\/\/travinhgc.com\/en\/du-an\/\",\"name\":\"D\u1ef1 \u00e1n - Tr\u00e0 Vinh GC\",\"isPartOf\":{\"@id\":\"https:\/\/travinhgc.com\/#website\"},\"datePublished\":\"2023-03-20T02:09:09+00:00\",\"dateModified\":\"2025-09-15T08:02:52+00:00\",\"breadcrumb\":{\"@id\":\"https:\/\/travinhgc.com\/en\/du-an\/#breadcrumb\"},\"inLanguage\":\"en-US\",\"potentialAction\":[{\"@type\":\"ReadAction\",\"target\":[\"https:\/\/travinhgc.com\/en\/du-an\/\"]}]},{\"@type\":\"BreadcrumbList\",\"@id\":\"https:\/\/travinhgc.com\/en\/du-an\/#breadcrumb\",\"itemListElement\":[{\"@type\":\"ListItem\",\"position\":1,\"name\":\"Home\",\"item\":\"https:\/\/travinhgc.com\/en\/\"},{\"@type\":\"ListItem\",\"position\":2,\"name\":\"D\u1ef1 \u00e1n\"}]},{\"@type\":\"WebSite\",\"@id\":\"https:\/\/travinhgc.com\/#website\",\"url\":\"https:\/\/travinhgc.com\/\",\"name\":\"Tr\u00e0 Vinh GC\",\"description\":\"\",\"potentialAction\":[{\"@type\":\"SearchAction\",\"target\":{\"@type\":\"EntryPoint\",\"urlTemplate\":\"https:\/\/travinhgc.com\/?s={search_term_string}\"},\"query-input\":\"required name=search_term_string\"}],\"inLanguage\":\"en-US\"}]}<\/script>\n<!-- \/ Yoast SEO plugin. -->","yoast_head_json":{"title":"D\u1ef1 \u00e1n - Tr\u00e0 Vinh GC","robots":{"index":"index","follow":"follow","max-snippet":"max-snippet:-1","max-image-preview":"max-image-preview:large","max-video-preview":"max-video-preview:-1"},"canonical":"https:\/\/travinhgc.com\/en\/du-an\/","og_locale":"en_US","og_type":"article","og_title":"D\u1ef1 \u00e1n - Tr\u00e0 Vinh GC","og_description":"T\u1ea5t c\u1ea3 S\u1eeda ch\u1eefa &#8211; B\u1ea3o tr\u00ec Thi c\u00f4ng b\u1ea3ng hi\u1ec7u Thi c\u00f4ng n\u1ed9i th\u1ea5t X\u00e2y d\u1ef1ng tr\u1ecdn g\u00f3i","og_url":"https:\/\/travinhgc.com\/en\/du-an\/","og_site_name":"Tr\u00e0 Vinh GC","article_modified_time":"2025-09-15T08:02:52+00:00","twitter_card":"summary_large_image","twitter_misc":{"Est. reading time":"2 minutes"},"schema":{"@context":"https:\/\/schema.org","@graph":[{"@type":"WebPage","@id":"https:\/\/travinhgc.com\/en\/du-an\/","url":"https:\/\/travinhgc.com\/en\/du-an\/","name":"D\u1ef1 \u00e1n - Tr\u00e0 Vinh GC","isPartOf":{"@id":"https:\/\/travinhgc.com\/#website"},"datePublished":"2023-03-20T02:09:09+00:00","dateModified":"2025-09-15T08:02:52+00:00","breadcrumb":{"@id":"https:\/\/travinhgc.com\/en\/du-an\/#breadcrumb"},"inLanguage":"en-US","potentialAction":[{"@type":"ReadAction","target":["https:\/\/travinhgc.com\/en\/du-an\/"]}]},{"@type":"BreadcrumbList","@id":"https:\/\/travinhgc.com\/en\/du-an\/#breadcrumb","itemListElement":[{"@type":"ListItem","position":1,"name":"Home","item":"https:\/\/travinhgc.com\/en\/"},{"@type":"ListItem","position":2,"name":"D\u1ef1 \u00e1n"}]},{"@type":"WebSite","@id":"https:\/\/travinhgc.com\/#website","url":"https:\/\/travinhgc.com\/","name":"Tr\u00e0 Vinh GC","description":"","potentialAction":[{"@type":"SearchAction","target":{"@type":"EntryPoint","urlTemplate":"https:\/\/travinhgc.com\/?s={search_term_string}"},"query-input":"required name=search_term_string"}],"inLanguage":"en-US"}]}},"_links":{"self":[{"href":"https:\/\/travinhgc.com\/en\/wp-json\/wp\/v2\/pages\/15666","targetHints":{"allow":["GET"]}}],"collection":[{"href":"https:\/\/travinhgc.com\/en\/wp-json\/wp\/v2\/pages"}],"about":[{"href":"https:\/\/travinhgc.com\/en\/wp-json\/wp\/v2\/types\/page"}],"author":[{"embeddable":true,"href":"https:\/\/travinhgc.com\/en\/wp-json\/wp\/v2\/users\/1"}],"replies":[{"embeddable":true,"href":"https:\/\/travinhgc.com\/en\/wp-json\/wp\/v2\/comments?post=15666"}],"version-history":[{"count":8,"href":"https:\/\/travinhgc.com\/en\/wp-json\/wp\/v2\/pages\/15666\/revisions"}],"predecessor-version":[{"id":20444,"href":"https:\/\/travinhgc.com\/en\/wp-json\/wp\/v2\/pages\/15666\/revisions\/20444"}],"wp:attachment":[{"href":"https:\/\/travinhgc.com\/en\/wp-json\/wp\/v2\/media?parent=15666"}],"curies":[{"name":"wp","href":"https:\/\/api.w.org\/{rel}","templated":true}]}}