{"id":15873,"date":"2023-03-12T11:33:53","date_gmt":"2023-03-12T04:33:53","guid":{"rendered":"https:\/\/xaydungtravinhgc.com\/lien-he\/"},"modified":"2025-11-25T10:40:25","modified_gmt":"2025-11-25T03:40:25","slug":"lien-he","status":"publish","type":"page","link":"https:\/\/travinhgc.com\/en\/lien-he\/","title":{"rendered":"Li\u00ean h\u1ec7"},"content":{"rendered":"\t\t<div data-elementor-type=\"wp-page\" data-elementor-id=\"15873\" class=\"elementor elementor-15873 elementor-125\" data-elementor-post-type=\"page\">\n\t\t\t\t<div class=\"elementor-element elementor-element-e359560 e-flex e-con-boxed e-con e-parent\" data-id=\"e359560\" data-element_type=\"container\">\n\t\t\t\t\t<div class=\"e-con-inner\">\n\t\t<div class=\"elementor-element elementor-element-130ca48 e-con-full e-flex e-con e-child\" data-id=\"130ca48\" data-element_type=\"container\">\n\t\t\t\t<div class=\"elementor-element elementor-element-e198902 e-transform elementor-widget elementor-widget-image\" data-id=\"e198902\" data-element_type=\"widget\" data-settings=\"{&quot;_transform_scaleX_effect_hover&quot;:{&quot;unit&quot;:&quot;px&quot;,&quot;size&quot;:&quot;&quot;,&quot;sizes&quot;:[]},&quot;_transform_scaleX_effect_hover_tablet&quot;:{&quot;unit&quot;:&quot;px&quot;,&quot;size&quot;:&quot;&quot;,&quot;sizes&quot;:[]},&quot;_transform_scaleX_effect_hover_mobile&quot;:{&quot;unit&quot;:&quot;px&quot;,&quot;size&quot;:&quot;&quot;,&quot;sizes&quot;:[]},&quot;_transform_scaleY_effect_hover&quot;:{&quot;unit&quot;:&quot;px&quot;,&quot;size&quot;:&quot;&quot;,&quot;sizes&quot;:[]},&quot;_transform_scaleY_effect_hover_tablet&quot;:{&quot;unit&quot;:&quot;px&quot;,&quot;size&quot;:&quot;&quot;,&quot;sizes&quot;:[]},&quot;_transform_scaleY_effect_hover_mobile&quot;:{&quot;unit&quot;:&quot;px&quot;,&quot;size&quot;:&quot;&quot;,&quot;sizes&quot;:[]}}\" data-widget_type=\"image.default\">\n\t\t\t\t<div class=\"elementor-widget-container\">\n\t\t\t<style>\/*! elementor - v3.21.0 - 20-05-2024 *\/\n.elementor-widget-image{text-align:center}.elementor-widget-image a{display:inline-block}.elementor-widget-image a img[src$=\".svg\"]{width:48px}.elementor-widget-image img{vertical-align:middle;display:inline-block}<\/style>\t\t\t\t\t\t\t\t\t\t<img fetchpriority=\"high\" decoding=\"async\" width=\"370\" height=\"217\" src=\"https:\/\/travinhgc.com\/wp-content\/uploads\/2024\/07\/tra-vinh-gc-lien-lac1.png\" class=\"attachment-full size-full wp-image-18216\" alt=\"\" srcset=\"https:\/\/travinhgc.com\/wp-content\/uploads\/2024\/07\/tra-vinh-gc-lien-lac1.png 370w, https:\/\/travinhgc.com\/wp-content\/uploads\/2024\/07\/tra-vinh-gc-lien-lac1-300x176.png 300w\" sizes=\"(max-width: 370px) 100vw, 370px\" \/>\t\t\t\t\t\t\t\t\t\t\t\t\t<\/div>\n\t\t\t\t<\/div>\n\t\t\t\t<div class=\"elementor-element elementor-element-92078ac elementor-widget elementor-widget-topbar-icon-list\" data-id=\"92078ac\" data-element_type=\"widget\" data-widget_type=\"topbar-icon-list.default\">\n\t\t\t\t<div class=\"elementor-widget-container\">\n\t\t\t \n\n        <div class=\"rt-features-list-content\">                \n            <ul class=\"rt-features-list separator_no border_no rotate_no\">\n                    <li>\n                                                    <div class=\"icon\"><i aria-hidden=\"true\" class=\"rt rt-envelope-open-text\"><\/i><\/div>                            \n                                                                        <div class=\"query-list\">\n                            <span class=\"sub-text\">T\u01b0 v\u1ea5n - B\u00e1o gi\u00e1<\/span>\n                                                            <a href=\"mailto:contact@travinhgc.com\"><span class=\"text-heading\">contact@travinhgc.com<\/span><\/a>                            \n                                                    <\/div>                        \n                    <\/li>\n                \n            <\/ul>                          \n        <\/div>\n        \t\t<\/div>\n\t\t\t\t<\/div>\n\t\t\t\t<\/div>\n\t\t<div class=\"elementor-element elementor-element-a3d9cda e-con-full e-flex e-con e-child\" data-id=\"a3d9cda\" data-element_type=\"container\">\n\t\t\t\t<div class=\"elementor-element elementor-element-2e72663 e-transform elementor-widget elementor-widget-image\" data-id=\"2e72663\" data-element_type=\"widget\" data-settings=\"{&quot;_transform_scaleX_effect_hover&quot;:{&quot;unit&quot;:&quot;px&quot;,&quot;size&quot;:&quot;&quot;,&quot;sizes&quot;:[]},&quot;_transform_scaleX_effect_hover_tablet&quot;:{&quot;unit&quot;:&quot;px&quot;,&quot;size&quot;:&quot;&quot;,&quot;sizes&quot;:[]},&quot;_transform_scaleX_effect_hover_mobile&quot;:{&quot;unit&quot;:&quot;px&quot;,&quot;size&quot;:&quot;&quot;,&quot;sizes&quot;:[]},&quot;_transform_scaleY_effect_hover&quot;:{&quot;unit&quot;:&quot;px&quot;,&quot;size&quot;:&quot;&quot;,&quot;sizes&quot;:[]},&quot;_transform_scaleY_effect_hover_tablet&quot;:{&quot;unit&quot;:&quot;px&quot;,&quot;size&quot;:&quot;&quot;,&quot;sizes&quot;:[]},&quot;_transform_scaleY_effect_hover_mobile&quot;:{&quot;unit&quot;:&quot;px&quot;,&quot;size&quot;:&quot;&quot;,&quot;sizes&quot;:[]}}\" data-widget_type=\"image.default\">\n\t\t\t\t<div class=\"elementor-widget-container\">\n\t\t\t\t\t\t\t\t\t\t\t\t\t<img decoding=\"async\" width=\"370\" height=\"217\" src=\"https:\/\/travinhgc.com\/wp-content\/uploads\/2024\/07\/tra-vinh-gc-lien-lac3.png\" class=\"attachment-large size-large wp-image-18220\" alt=\"\" srcset=\"https:\/\/travinhgc.com\/wp-content\/uploads\/2024\/07\/tra-vinh-gc-lien-lac3.png 370w, https:\/\/travinhgc.com\/wp-content\/uploads\/2024\/07\/tra-vinh-gc-lien-lac3-300x176.png 300w\" sizes=\"(max-width: 370px) 100vw, 370px\" \/>\t\t\t\t\t\t\t\t\t\t\t\t\t<\/div>\n\t\t\t\t<\/div>\n\t\t\t\t<div class=\"elementor-element elementor-element-e176a6d elementor-widget elementor-widget-topbar-icon-list\" data-id=\"e176a6d\" data-element_type=\"widget\" data-widget_type=\"topbar-icon-list.default\">\n\t\t\t\t<div class=\"elementor-widget-container\">\n\t\t\t \n\n        <div class=\"rt-features-list-content\">                \n            <ul class=\"rt-features-list separator_no border_no rotate_no\">\n                    <li>\n                                                    <div class=\"icon\"><i aria-hidden=\"true\" class=\"rt rt-headset-1\"><\/i><\/div>                            \n                                                                        <div class=\"query-list\">\n                            <span class=\"sub-text\">Li\u00ean h\u1ec7<\/span>\n                                                            <a href=\"tel:(+84)919650686\"><span class=\"text-heading\">(+84) 919 650 686<\/span><\/a>\n                                                        <\/div>                        \n                    <\/li>\n                \n            <\/ul>                          \n        <\/div>\n        \t\t<\/div>\n\t\t\t\t<\/div>\n\t\t\t\t<\/div>\n\t\t<div class=\"elementor-element elementor-element-91e256b e-con-full e-flex e-con e-child\" data-id=\"91e256b\" data-element_type=\"container\">\n\t\t\t\t<div class=\"elementor-element elementor-element-6f937a3 e-transform elementor-widget elementor-widget-image\" data-id=\"6f937a3\" data-element_type=\"widget\" data-settings=\"{&quot;_transform_scaleX_effect_hover&quot;:{&quot;unit&quot;:&quot;px&quot;,&quot;size&quot;:&quot;&quot;,&quot;sizes&quot;:[]},&quot;_transform_scaleX_effect_hover_tablet&quot;:{&quot;unit&quot;:&quot;px&quot;,&quot;size&quot;:&quot;&quot;,&quot;sizes&quot;:[]},&quot;_transform_scaleX_effect_hover_mobile&quot;:{&quot;unit&quot;:&quot;px&quot;,&quot;size&quot;:&quot;&quot;,&quot;sizes&quot;:[]},&quot;_transform_scaleY_effect_hover&quot;:{&quot;unit&quot;:&quot;px&quot;,&quot;size&quot;:&quot;&quot;,&quot;sizes&quot;:[]},&quot;_transform_scaleY_effect_hover_tablet&quot;:{&quot;unit&quot;:&quot;px&quot;,&quot;size&quot;:&quot;&quot;,&quot;sizes&quot;:[]},&quot;_transform_scaleY_effect_hover_mobile&quot;:{&quot;unit&quot;:&quot;px&quot;,&quot;size&quot;:&quot;&quot;,&quot;sizes&quot;:[]}}\" data-widget_type=\"image.default\">\n\t\t\t\t<div class=\"elementor-widget-container\">\n\t\t\t\t\t\t\t\t\t\t\t\t\t<img decoding=\"async\" width=\"370\" height=\"217\" src=\"https:\/\/travinhgc.com\/wp-content\/uploads\/2024\/07\/Untitled-design-3.png\" class=\"attachment-large size-large wp-image-18223\" alt=\"\" srcset=\"https:\/\/travinhgc.com\/wp-content\/uploads\/2024\/07\/Untitled-design-3.png 370w, https:\/\/travinhgc.com\/wp-content\/uploads\/2024\/07\/Untitled-design-3-300x176.png 300w\" sizes=\"(max-width: 370px) 100vw, 370px\" \/>\t\t\t\t\t\t\t\t\t\t\t\t\t<\/div>\n\t\t\t\t<\/div>\n\t\t\t\t<div class=\"elementor-element elementor-element-7685971 elementor-widget elementor-widget-topbar-icon-list\" data-id=\"7685971\" data-element_type=\"widget\" data-widget_type=\"topbar-icon-list.default\">\n\t\t\t\t<div class=\"elementor-widget-container\">\n\t\t\t \n\n        <div class=\"rt-features-list-content\">                \n            <ul class=\"rt-features-list separator_no border_no rotate_no\">\n                    <li>\n                                                    <div class=\"icon\"><i aria-hidden=\"true\" class=\"rt rt-map-location-dot\"><\/i><\/div>                            \n                                                                        <div class=\"query-list\">\n                            <span class=\"sub-text\"><\/span>\n                                                            <span class=\"text-heading\"> 46 \u0110\u01b0\u1eddng B6, Ph\u01b0\u1eddng B\u1ea3y Hi\u1ec1n, TP.HCM<\/span>\n                                                    <\/div>                        \n                    <\/li>\n                \n            <\/ul>                          \n        <\/div>\n        \t\t<\/div>\n\t\t\t\t<\/div>\n\t\t\t\t<\/div>\n\t\t\t\t\t<\/div>\n\t\t\t\t<\/div>\n\t\t\t\t<section class=\"elementor-section elementor-top-section elementor-element elementor-element-3055aae sec-p-lienhe elementor-section-boxed elementor-section-height-default elementor-section-height-default\" data-id=\"3055aae\" data-element_type=\"section\">\n\t\t\t\t\t\t\t<div class=\"elementor-background-overlay\"><\/div>\n\t\t\t\t\t\t\t<div class=\"elementor-container elementor-column-gap-default\">\n\t\t\t\t\t<div class=\"elementor-column elementor-col-100 elementor-top-column elementor-element elementor-element-505dc64\" data-id=\"505dc64\" data-element_type=\"column\">\n\t\t\t<div class=\"elementor-widget-wrap elementor-element-populated\">\n\t\t\t\t\t\t<div class=\"elementor-element elementor-element-f10b0ff elementor-widget elementor-widget-react-heading\" data-id=\"f10b0ff\" data-element_type=\"widget\" data-widget_type=\"react-heading.default\">\n\t\t\t\t<div class=\"elementor-widget-container\">\n\t\t\t\t  \n        <div class=\"react-heading default center title-border-no\">\n        \t<div class=\"title-inner no\">        \t\t      \t\t\n\t           \n\t\t\t\t<span class=\"sub-text\" data-aos-delay=\"200\" data-aos=\"fade-up\" data-aos-duration=\"800\" data-aos-once=\"true\">Li\u00ean h\u1ec7<\/span><h2 class=\"title\" data-aos-delay=\"300\" data-aos=\"fade-up\" data-aos-duration=\"800\" data-aos-once=\"true\"> S\u1eb5n s\u00e0ng t\u01b0 v\u1ea5n!<\/h2>\t        <\/div>\n\t\t\t\t        \n\t            \n        <\/div>\n        \t\t<\/div>\n\t\t\t\t<\/div>\n\t\t\t\t<div class=\"elementor-element elementor-element-2a5075f elementor-widget elementor-widget-rt-cf7\" data-id=\"2a5075f\" data-element_type=\"widget\" data-widget_type=\"rt-cf7.default\">\n\t\t\t\t<div class=\"elementor-widget-container\">\n\t\t\t<div class=\"form__btn__center\">\n<div class=\"wpcf7 no-js\" id=\"wpcf7-f10507-o1\" lang=\"vi\" dir=\"ltr\">\n<div class=\"screen-reader-response\"><p role=\"status\" aria-live=\"polite\" aria-atomic=\"true\"><\/p> <ul><\/ul><\/div>\n<form action=\"\/en\/wp-json\/wp\/v2\/pages\/15873#wpcf7-f10507-o1\" method=\"post\" class=\"wpcf7-form init\" aria-label=\"Form li\u00ean h\u1ec7\" novalidate=\"novalidate\" data-status=\"init\">\n<div style=\"display: none;\">\n<input type=\"hidden\" name=\"_wpcf7\" value=\"10507\" \/>\n<input type=\"hidden\" name=\"_wpcf7_version\" value=\"5.9.5\" \/>\n<input type=\"hidden\" name=\"_wpcf7_locale\" value=\"vi\" \/>\n<input type=\"hidden\" name=\"_wpcf7_unit_tag\" value=\"wpcf7-f10507-o1\" \/>\n<input type=\"hidden\" name=\"_wpcf7_container_post\" value=\"0\" \/>\n<input type=\"hidden\" name=\"_wpcf7_posted_data_hash\" value=\"\" \/>\n<\/div>\n<div class=\"form-ct clear\">\n\t<div class=\"form-ct-row\">\n\t\t<div class=\"form-row w50\">\n\t\t\t<p><label> H\u1ecd t\u00ean<br \/>\n<span class=\"wpcf7-form-control-wrap\" data-name=\"text-name\"><input size=\"40\" class=\"wpcf7-form-control wpcf7-text wpcf7-validates-as-required\" id=\"text-name\" aria-required=\"true\" aria-invalid=\"false\" placeholder=\"*H\u1ecd t\u00ean\" value=\"\" type=\"text\" name=\"text-name\" \/><\/span><br \/>\n<\/label>\n\t\t\t<\/p>\n\t\t<\/div>\n\t\t<div class=\"form-row w50\">\n\t\t\t<p><label> S\u1ed1 \u0111i\u1ec7n tho\u1ea1i<br \/>\n<span class=\"wpcf7-form-control-wrap\" data-name=\"tel-contact\"><input size=\"40\" class=\"wpcf7-form-control wpcf7-tel wpcf7-validates-as-required wpcf7-text wpcf7-validates-as-tel\" id=\"tel-contact\" aria-required=\"true\" aria-invalid=\"false\" placeholder=\"*S\u1ed1 \u0111i\u1ec7n tho\u1ea1i\" value=\"\" type=\"tel\" name=\"tel-contact\" \/><\/span><br \/>\n<\/label>\n\t\t\t<\/p>\n\t\t<\/div>\n\t<\/div>\n\t<div class=\"form-ct-row\">\n\t\t<div class=\"form-row w50\">\n\t\t\t<p><label> Email<br \/>\n<span class=\"wpcf7-form-control-wrap\" data-name=\"email-contact\"><input size=\"40\" class=\"wpcf7-form-control wpcf7-email wpcf7-validates-as-required wpcf7-text wpcf7-validates-as-email\" id=\"email-contact\" aria-required=\"true\" aria-invalid=\"false\" placeholder=\"*Email\" value=\"\" type=\"email\" name=\"email-contact\" \/><\/span><br \/>\n<\/label><br \/>\n<span id=\"wpcf7-69f330a404b62-wrapper\" class=\"wpcf7-form-control-wrap Email-wrap\" style=\"display:none !important; visibility:hidden !important;\"><label for=\"wpcf7-69f330a404b62-field\" class=\"hp-message\">Please leave this field empty.<\/label><input id=\"wpcf7-69f330a404b62-field\"  class=\"wpcf7-form-control wpcf7-text\" type=\"text\" name=\"Email\" value=\"\" size=\"40\" tabindex=\"-1\" autocomplete=\"new-password\" \/><\/span>\n\t\t\t<\/p>\n\t\t<\/div>\n\t\t<div class=\"form-row w50\">\n\t\t\t<p><label> \u0110\u1ecba ch\u1ec9<br \/>\n<span class=\"wpcf7-form-control-wrap\" data-name=\"text-address\"><input size=\"40\" class=\"wpcf7-form-control wpcf7-text\" id=\"text-address\" aria-invalid=\"false\" placeholder=\"\u0110\u1ecba ch\u1ec9\" value=\"\" type=\"text\" name=\"text-address\" \/><\/span><br \/>\n<\/label>\n\t\t\t<\/p>\n\t\t<\/div>\n\t<\/div>\n\t<div class=\"form-row\">\n\t\t<p><label> N\u1ed9i dung<br \/>\n<span class=\"wpcf7-form-control-wrap\" data-name=\"textarea-noidung\"><textarea cols=\"40\" rows=\"10\" class=\"wpcf7-form-control wpcf7-textarea\" id=\"textarea-noidung\" aria-invalid=\"false\" placeholder=\"N\u1ed9i dung\" name=\"textarea-noidung\"><\/textarea><\/span><br \/>\n<\/label>\n\t\t<\/p>\n\t<\/div>\n\t<div class=\"form-row center-txt\">\n\t\t<p><input class=\"wpcf7-form-control wpcf7-submit has-spinner\" id=\"bt-gui\" type=\"submit\" value=\"G\u1eedi\" \/>\n\t\t<\/p>\n\t<\/div>\n<\/div><div class=\"wpcf7-response-output\" aria-hidden=\"true\"><\/div>\n<\/form>\n<\/div>\n<\/div>\t\t<\/div>\n\t\t\t\t<\/div>\n\t\t\t\t\t<\/div>\n\t\t<\/div>\n\t\t\t\t\t<\/div>\n\t\t<\/section>\n\t\t\t\t<section class=\"elementor-section elementor-top-section elementor-element elementor-element-8581313 elementor-section-full_width elementor-section-stretched elementor-section-height-default elementor-section-height-default\" data-id=\"8581313\" data-element_type=\"section\" data-settings=\"{&quot;stretch_section&quot;:&quot;section-stretched&quot;}\">\n\t\t\t\t\t\t<div class=\"elementor-container elementor-column-gap-default\">\n\t\t\t\t\t<div class=\"elementor-column elementor-col-100 elementor-top-column elementor-element elementor-element-2c7ed58\" data-id=\"2c7ed58\" data-element_type=\"column\">\n\t\t\t<div class=\"elementor-widget-wrap elementor-element-populated\">\n\t\t\t\t\t\t<div class=\"elementor-element elementor-element-c38afa4 elementor-widget elementor-widget-google_maps\" data-id=\"c38afa4\" data-element_type=\"widget\" data-widget_type=\"google_maps.default\">\n\t\t\t\t<div class=\"elementor-widget-container\">\n\t\t\t<style>\/*! elementor - v3.21.0 - 20-05-2024 *\/\n.elementor-widget-google_maps .elementor-widget-container{overflow:hidden}.elementor-widget-google_maps .elementor-custom-embed{line-height:0}.elementor-widget-google_maps iframe{height:300px}<\/style>\t\t<div class=\"elementor-custom-embed\">\n\t\t\t<iframe loading=\"lazy\"\n\t\t\t\t\tsrc=\"https:\/\/maps.google.com\/maps?q=46%20%C4%91%C6%B0%E1%BB%9Dng%20B6%2C%20Ph%C6%B0%E1%BB%9Dng%2012%2C%20Qu%E1%BA%ADn%20T%C3%A2n%20B%C3%ACnh%2C%20TP.HCM&#038;t=m&#038;z=15&#038;output=embed&#038;iwloc=near\"\n\t\t\t\t\ttitle=\"46 \u0111\u01b0\u1eddng B6, Ph\u01b0\u1eddng 12, Qu\u1eadn T\u00e2n B\u00ecnh, TP.HCM\"\n\t\t\t\t\taria-label=\"46 \u0111\u01b0\u1eddng B6, Ph\u01b0\u1eddng 12, Qu\u1eadn T\u00e2n B\u00ecnh, TP.HCM\"\n\t\t\t><\/iframe>\n\t\t<\/div>\n\t\t\t\t<\/div>\n\t\t\t\t<\/div>\n\t\t\t\t\t<\/div>\n\t\t<\/div>\n\t\t\t\t\t<\/div>\n\t\t<\/section>\n\t\t\t\t<\/div>\n\t\t","protected":false},"excerpt":{"rendered":"<p>T\u01b0 v\u1ea5n &#8211; B\u00e1o gi\u00e1 contact@travinhgc.com Li\u00ean h\u1ec7 (+84) 919 650 686 46 \u0110\u01b0\u1eddng B6, Ph\u01b0\u1eddng B\u1ea3y Hi\u1ec1n, TP.HCM Li\u00ean h\u1ec7 S\u1eb5n s\u00e0ng t\u01b0 v\u1ea5n! H\u1ecd t\u00ean S\u1ed1 \u0111i\u1ec7n tho\u1ea1i Email Please leave this field empty. \u0110\u1ecba ch\u1ec9 N\u1ed9i dung<\/p>\n","protected":false},"author":1,"featured_media":0,"parent":0,"menu_order":0,"comment_status":"closed","ping_status":"closed","template":"","meta":{"footnotes":""},"class_list":["post-15873","page","type-page","status-publish","hentry"],"yoast_head":"<!-- This site is optimized with the Yoast SEO plugin v22.7 - https:\/\/yoast.com\/wordpress\/plugins\/seo\/ -->\n<title>Li\u00ean h\u1ec7 - Tr\u00e0 Vinh GC<\/title>\n<meta name=\"robots\" content=\"index, follow, max-snippet:-1, max-image-preview:large, max-video-preview:-1\" \/>\n<link rel=\"canonical\" href=\"https:\/\/travinhgc.com\/en\/lien-he\/\" \/>\n<meta property=\"og:locale\" content=\"en_US\" \/>\n<meta property=\"og:type\" content=\"article\" \/>\n<meta property=\"og:title\" content=\"Li\u00ean h\u1ec7 - Tr\u00e0 Vinh GC\" \/>\n<meta property=\"og:description\" content=\"T\u01b0 v\u1ea5n &#8211; B\u00e1o gi\u00e1 contact@travinhgc.com Li\u00ean h\u1ec7 (+84) 919 650 686 46 \u0110\u01b0\u1eddng B6, Ph\u01b0\u1eddng B\u1ea3y Hi\u1ec1n, TP.HCM Li\u00ean h\u1ec7 S\u1eb5n s\u00e0ng t\u01b0 v\u1ea5n! H\u1ecd t\u00ean S\u1ed1 \u0111i\u1ec7n tho\u1ea1i Email Please leave this field empty. \u0110\u1ecba ch\u1ec9 N\u1ed9i dung\" \/>\n<meta property=\"og:url\" content=\"https:\/\/travinhgc.com\/en\/lien-he\/\" \/>\n<meta property=\"og:site_name\" content=\"Tr\u00e0 Vinh GC\" \/>\n<meta property=\"article:modified_time\" content=\"2025-11-25T03:40:25+00:00\" \/>\n<meta property=\"og:image\" content=\"https:\/\/travinhgc.com\/wp-content\/uploads\/2024\/07\/tra-vinh-gc-lien-lac1.png\" \/>\n<meta name=\"twitter:card\" content=\"summary_large_image\" \/>\n<meta name=\"twitter:label1\" content=\"Est. reading time\" \/>\n\t<meta name=\"twitter:data1\" content=\"1 minute\" \/>\n<script type=\"application\/ld+json\" class=\"yoast-schema-graph\">{\"@context\":\"https:\/\/schema.org\",\"@graph\":[{\"@type\":\"WebPage\",\"@id\":\"https:\/\/travinhgc.com\/en\/lien-he\/\",\"url\":\"https:\/\/travinhgc.com\/en\/lien-he\/\",\"name\":\"Li\u00ean h\u1ec7 - Tr\u00e0 Vinh GC\",\"isPartOf\":{\"@id\":\"https:\/\/travinhgc.com\/#website\"},\"primaryImageOfPage\":{\"@id\":\"https:\/\/travinhgc.com\/en\/lien-he\/#primaryimage\"},\"image\":{\"@id\":\"https:\/\/travinhgc.com\/en\/lien-he\/#primaryimage\"},\"thumbnailUrl\":\"https:\/\/travinhgc.com\/wp-content\/uploads\/2024\/07\/tra-vinh-gc-lien-lac1.png\",\"datePublished\":\"2023-03-12T04:33:53+00:00\",\"dateModified\":\"2025-11-25T03:40:25+00:00\",\"breadcrumb\":{\"@id\":\"https:\/\/travinhgc.com\/en\/lien-he\/#breadcrumb\"},\"inLanguage\":\"en-US\",\"potentialAction\":[{\"@type\":\"ReadAction\",\"target\":[\"https:\/\/travinhgc.com\/en\/lien-he\/\"]}]},{\"@type\":\"ImageObject\",\"inLanguage\":\"en-US\",\"@id\":\"https:\/\/travinhgc.com\/en\/lien-he\/#primaryimage\",\"url\":\"https:\/\/travinhgc.com\/wp-content\/uploads\/2024\/07\/tra-vinh-gc-lien-lac1.png\",\"contentUrl\":\"https:\/\/travinhgc.com\/wp-content\/uploads\/2024\/07\/tra-vinh-gc-lien-lac1.png\"},{\"@type\":\"BreadcrumbList\",\"@id\":\"https:\/\/travinhgc.com\/en\/lien-he\/#breadcrumb\",\"itemListElement\":[{\"@type\":\"ListItem\",\"position\":1,\"name\":\"Home\",\"item\":\"https:\/\/travinhgc.com\/en\/\"},{\"@type\":\"ListItem\",\"position\":2,\"name\":\"Li\u00ean h\u1ec7\"}]},{\"@type\":\"WebSite\",\"@id\":\"https:\/\/travinhgc.com\/#website\",\"url\":\"https:\/\/travinhgc.com\/\",\"name\":\"Tr\u00e0 Vinh GC\",\"description\":\"\",\"potentialAction\":[{\"@type\":\"SearchAction\",\"target\":{\"@type\":\"EntryPoint\",\"urlTemplate\":\"https:\/\/travinhgc.com\/?s={search_term_string}\"},\"query-input\":\"required name=search_term_string\"}],\"inLanguage\":\"en-US\"}]}<\/script>\n<!-- \/ Yoast SEO plugin. -->","yoast_head_json":{"title":"Li\u00ean h\u1ec7 - Tr\u00e0 Vinh GC","robots":{"index":"index","follow":"follow","max-snippet":"max-snippet:-1","max-image-preview":"max-image-preview:large","max-video-preview":"max-video-preview:-1"},"canonical":"https:\/\/travinhgc.com\/en\/lien-he\/","og_locale":"en_US","og_type":"article","og_title":"Li\u00ean h\u1ec7 - Tr\u00e0 Vinh GC","og_description":"T\u01b0 v\u1ea5n &#8211; B\u00e1o gi\u00e1 contact@travinhgc.com Li\u00ean h\u1ec7 (+84) 919 650 686 46 \u0110\u01b0\u1eddng B6, Ph\u01b0\u1eddng B\u1ea3y Hi\u1ec1n, TP.HCM Li\u00ean h\u1ec7 S\u1eb5n s\u00e0ng t\u01b0 v\u1ea5n! H\u1ecd t\u00ean S\u1ed1 \u0111i\u1ec7n tho\u1ea1i Email Please leave this field empty. \u0110\u1ecba ch\u1ec9 N\u1ed9i dung","og_url":"https:\/\/travinhgc.com\/en\/lien-he\/","og_site_name":"Tr\u00e0 Vinh GC","article_modified_time":"2025-11-25T03:40:25+00:00","og_image":[{"url":"https:\/\/travinhgc.com\/wp-content\/uploads\/2024\/07\/tra-vinh-gc-lien-lac1.png"}],"twitter_card":"summary_large_image","twitter_misc":{"Est. reading time":"1 minute"},"schema":{"@context":"https:\/\/schema.org","@graph":[{"@type":"WebPage","@id":"https:\/\/travinhgc.com\/en\/lien-he\/","url":"https:\/\/travinhgc.com\/en\/lien-he\/","name":"Li\u00ean h\u1ec7 - Tr\u00e0 Vinh GC","isPartOf":{"@id":"https:\/\/travinhgc.com\/#website"},"primaryImageOfPage":{"@id":"https:\/\/travinhgc.com\/en\/lien-he\/#primaryimage"},"image":{"@id":"https:\/\/travinhgc.com\/en\/lien-he\/#primaryimage"},"thumbnailUrl":"https:\/\/travinhgc.com\/wp-content\/uploads\/2024\/07\/tra-vinh-gc-lien-lac1.png","datePublished":"2023-03-12T04:33:53+00:00","dateModified":"2025-11-25T03:40:25+00:00","breadcrumb":{"@id":"https:\/\/travinhgc.com\/en\/lien-he\/#breadcrumb"},"inLanguage":"en-US","potentialAction":[{"@type":"ReadAction","target":["https:\/\/travinhgc.com\/en\/lien-he\/"]}]},{"@type":"ImageObject","inLanguage":"en-US","@id":"https:\/\/travinhgc.com\/en\/lien-he\/#primaryimage","url":"https:\/\/travinhgc.com\/wp-content\/uploads\/2024\/07\/tra-vinh-gc-lien-lac1.png","contentUrl":"https:\/\/travinhgc.com\/wp-content\/uploads\/2024\/07\/tra-vinh-gc-lien-lac1.png"},{"@type":"BreadcrumbList","@id":"https:\/\/travinhgc.com\/en\/lien-he\/#breadcrumb","itemListElement":[{"@type":"ListItem","position":1,"name":"Home","item":"https:\/\/travinhgc.com\/en\/"},{"@type":"ListItem","position":2,"name":"Li\u00ean h\u1ec7"}]},{"@type":"WebSite","@id":"https:\/\/travinhgc.com\/#website","url":"https:\/\/travinhgc.com\/","name":"Tr\u00e0 Vinh GC","description":"","potentialAction":[{"@type":"SearchAction","target":{"@type":"EntryPoint","urlTemplate":"https:\/\/travinhgc.com\/?s={search_term_string}"},"query-input":"required name=search_term_string"}],"inLanguage":"en-US"}]}},"_links":{"self":[{"href":"https:\/\/travinhgc.com\/en\/wp-json\/wp\/v2\/pages\/15873","targetHints":{"allow":["GET"]}}],"collection":[{"href":"https:\/\/travinhgc.com\/en\/wp-json\/wp\/v2\/pages"}],"about":[{"href":"https:\/\/travinhgc.com\/en\/wp-json\/wp\/v2\/types\/page"}],"author":[{"embeddable":true,"href":"https:\/\/travinhgc.com\/en\/wp-json\/wp\/v2\/users\/1"}],"replies":[{"embeddable":true,"href":"https:\/\/travinhgc.com\/en\/wp-json\/wp\/v2\/comments?post=15873"}],"version-history":[{"count":20,"href":"https:\/\/travinhgc.com\/en\/wp-json\/wp\/v2\/pages\/15873\/revisions"}],"predecessor-version":[{"id":20566,"href":"https:\/\/travinhgc.com\/en\/wp-json\/wp\/v2\/pages\/15873\/revisions\/20566"}],"wp:attachment":[{"href":"https:\/\/travinhgc.com\/en\/wp-json\/wp\/v2\/media?parent=15873"}],"curies":[{"name":"wp","href":"https:\/\/api.w.org\/{rel}","templated":true}]}}